{"id":790,"date":"2026-03-14T17:22:12","date_gmt":"2026-03-14T17:22:12","guid":{"rendered":"https:\/\/maegnety.com\/?page_id=790"},"modified":"2026-03-15T13:18:15","modified_gmt":"2026-03-15T13:18:15","slug":"event-highlights","status":"publish","type":"page","link":"https:\/\/maegnety.com\/zh\/event-highlights\/","title":{"rendered":"Event Highlights &#8211; UK 2026.02.10"},"content":{"rendered":"<div class=\"wp-block-group alignfull is-style-ext-preset--group--natural-1--section has-background-background-color has-background has-global-padding is-layout-constrained wp-block-group-is-layout-constrained\" style=\"margin-top:0;margin-bottom:0;padding-top:var(--wp--preset--spacing--70);padding-bottom:var(--wp--preset--spacing--70)\">\n<div class=\"wp-block-columns alignwide are-vertically-aligned-center is-layout-flex wp-container-core-columns-is-layout-174606dc wp-block-columns-is-layout-flex\">\n<div class=\"wp-block-column is-vertically-aligned-center is-layout-flow wp-block-column-is-layout-flow\">\n<h2 class=\"wp-block-heading ext-animate--on\">Magnetic Horizon<\/h2>\n\n\n\n<div class=\"wp-block-group ext-animate--on is-nowrap is-layout-flex wp-container-core-group-is-layout-6fee25ed wp-block-group-is-layout-flex\" style=\"margin-top:24px;padding-top:0;padding-right:0;padding-bottom:0;padding-left:0\">\n<div class=\"wp-block-group is-nowrap is-layout-flex wp-container-core-group-is-layout-2ca071df wp-block-group-is-layout-flex\" style=\"padding-top:0;padding-right:0;padding-bottom:0;padding-left:0\">\n<figure class=\"wp-block-image size-large wp-container-content-c42f3963 wp-duotone-primary-foreground\"><img decoding=\"async\" src=\"data:image\/svg+xml;base64,PHN2ZyB4bWxucz0iaHR0cDovL3d3dy53My5vcmcvMjAwMC9zdmciIHdpZHRoPSIyNCIgaGVpZ2h0PSIyNCIgZmlsbD0iIzAwMDAwMCIgdmlld0JveD0iMCAwIDI1NiAyNTYiPjxwYXRoIGQ9Ik0yMDgsMzJIMTg0VjI0YTgsOCwwLDAsMC0xNiwwdjhIODhWMjRhOCw4LDAsMCwwLTE2LDB2OEg0OEExNiwxNiwwLDAsMCwzMiw0OFYyMDhhMTYsMTYsMCwwLDAsMTYsMTZIMjA4YTE2LDE2LDAsMCwwLDE2LTE2VjQ4QTE2LDE2LDAsMCwwLDIwOCwzMlpNNzIsNDh2OGE4LDgsMCwwLDAsMTYsMFY0OGg4MHY4YTgsOCwwLDAsMCwxNiwwVjQ4aDI0VjgwSDQ4VjQ4Wk0yMDgsMjA4SDQ4Vjk2SDIwOFYyMDhabS02OC03NmExMiwxMiwwLDEsMS0xMi0xMkExMiwxMiwwLDAsMSwxNDAsMTMyWm00NCwwYTEyLDEyLDAsMSwxLTEyLTEyQTEyLDEyLDAsMCwxLDE4NCwxMzJaTTk2LDE3MmExMiwxMiwwLDEsMS0xMi0xMkExMiwxMiwwLDAsMSw5NiwxNzJabTQ0LDBhMTIsMTIsMCwxLDEtMTItMTJBMTIsMTIsMCwwLDEsMTQwLDE3MlptNDQsMGExMiwxMiwwLDEsMS0xMi0xMkExMiwxMiwwLDAsMSwxODQsMTcyWiI+PC9wYXRoPjwvc3ZnPg==\" alt=\"\"\/><\/figure>\n\n\n\n<p class=\"wp-container-content-9cfa9a5a\" style=\"font-size:clamp(14px, 0.875rem + ((1vw - 3.2px) * 0.417), 18px);\">: <\/p>\n\n\n\n<p class=\"wp-container-content-9cfa9a5a\" style=\"font-size:clamp(14px, 0.875rem + ((1vw - 3.2px) * 0.417), 18px);\">2026.02.10-2026.02.12<\/p>\n<\/div>\n\n\n\n<figure class=\"wp-block-image size-large wp-duotone-primary-foreground\"><img decoding=\"async\" src=\"data:image\/svg+xml;base64,PHN2ZyB4bWxucz0iaHR0cDovL3d3dy53My5vcmcvMjAwMC9zdmciIHdpZHRoPSIyNCIgaGVpZ2h0PSIyNCIgZmlsbD0iIzAwMDAwMCIgdmlld0JveD0iMCAwIDI1NiAyNTYiPjxwYXRoIGQ9Ik0xMjgsNjRhNDAsNDAsMCwxLDAsNDAsNDBBNDAsNDAsMCwwLDAsMTI4LDY0Wm0wLDY0YTI0LDI0LDAsMSwxLDI0LTI0QTI0LDI0LDAsMCwxLDEyOCwxMjhabTAtMTEyYTg4LjEsODguMSwwLDAsMC04OCw4OGMwLDMxLjQsMTQuNTEsNjQuNjgsNDIsOTYuMjVhMjU0LjE5LDI1NC4xOSwwLDAsMCw0MS40NSwzOC4zLDgsOCwwLDAsMCw5LjE4LDBBMjU0LjE5LDI1NC4xOSwwLDAsMCwxNzQsMjAwLjI1YzI3LjQ1LTMxLjU3LDQyLTY0Ljg1LDQyLTk2LjI1QTg4LjEsODguMSwwLDAsMCwxMjgsMTZabTAsMjA2Yy0xNi41My0xMy03Mi02MC43NS03Mi0xMThhNzIsNzIsMCwwLDEsMTQ0LDBDMjAwLDE2MS4yMywxNDQuNTMsMjA5LDEyOCwyMjJaIj48L3BhdGg+PC9zdmc+\" alt=\"\"\/><\/figure>\n\n\n\n<div class=\"wp-block-group is-nowrap is-layout-flex wp-container-core-group-is-layout-2ca071df wp-block-group-is-layout-flex\" style=\"padding-top:0;padding-right:0;padding-bottom:0;padding-left:0\">\n<p class=\"wp-container-content-9cfa9a5a\" style=\"font-size:clamp(14px, 0.875rem + ((1vw - 3.2px) * 0.417), 18px);\">Birmingham<\/p>\n<\/div>\n<\/div>\n\n\n\n<div class=\"wp-block-buttons ext-animate--on is-layout-flex wp-block-buttons-is-layout-flex\">\n<div class=\"wp-block-button is-style-ext-preset--button--natural-1--button-1 is-style-ext-preset--button--natural-1--button-1--2\"><a class=\"wp-block-button__link wp-element-button\" href=\"#\">Read more<\/a><\/div>\n<\/div>\n<\/div>\n\n\n\n<div class=\"wp-block-column is-vertically-aligned-center is-layout-flow wp-block-column-is-layout-flow\">\n<figure class=\"wp-block-image size-large is-style-ext-preset--image--natural-1--image-1--content-left ext-animate--on is-style-ext-preset--image--natural-1--image-1--content-left--3\"><img loading=\"lazy\" decoding=\"async\" width=\"1024\" height=\"768\" src=\"https:\/\/maegnety.com\/wp-content\/uploads\/2026\/03\/1770984491435-1-1024x768.jpg\" alt=\"\" class=\"wp-image-830\" srcset=\"https:\/\/maegnety.com\/wp-content\/uploads\/2026\/03\/1770984491435-1-1024x768.jpg 1024w, https:\/\/maegnety.com\/wp-content\/uploads\/2026\/03\/1770984491435-1-300x225.jpg 300w, https:\/\/maegnety.com\/wp-content\/uploads\/2026\/03\/1770984491435-1-768x576.jpg 768w, https:\/\/maegnety.com\/wp-content\/uploads\/2026\/03\/1770984491435-1-1536x1152.jpg 1536w, https:\/\/maegnety.com\/wp-content\/uploads\/2026\/03\/1770984491435-1-16x12.jpg 16w, https:\/\/maegnety.com\/wp-content\/uploads\/2026\/03\/1770984491435-1.jpg 2016w\" sizes=\"auto, (max-width: 1024px) 100vw, 1024px\" \/><\/figure>\n<\/div>\n<\/div>\n\n\n\n<figure class=\"wp-block-image size-large\"><img loading=\"lazy\" decoding=\"async\" width=\"1024\" height=\"771\" src=\"https:\/\/maegnety.com\/wp-content\/uploads\/2026\/03\/1770984488072-4-1024x771.jpg\" alt=\"\" class=\"wp-image-824\" srcset=\"https:\/\/maegnety.com\/wp-content\/uploads\/2026\/03\/1770984488072-4-1024x771.jpg 1024w, https:\/\/maegnety.com\/wp-content\/uploads\/2026\/03\/1770984488072-4-300x226.jpg 300w, https:\/\/maegnety.com\/wp-content\/uploads\/2026\/03\/1770984488072-4-768x578.jpg 768w, https:\/\/maegnety.com\/wp-content\/uploads\/2026\/03\/1770984488072-4-1536x1157.jpg 1536w, https:\/\/maegnety.com\/wp-content\/uploads\/2026\/03\/1770984488072-4-16x12.jpg 16w, https:\/\/maegnety.com\/wp-content\/uploads\/2026\/03\/1770984488072-4.jpg 2040w\" sizes=\"auto, (max-width: 1024px) 100vw, 1024px\" \/><\/figure>\n<\/div>\n\n\n\n<div class=\"wp-block-group alignfull is-style-ext-preset--group--natural-1--section has-background-background-color has-background has-global-padding is-layout-constrained wp-container-core-group-is-layout-f72f1611 wp-block-group-is-layout-constrained\" style=\"margin-top:0;margin-bottom:0;padding-top:var(--wp--preset--spacing--70);padding-bottom:var(--wp--preset--spacing--70)\">\n<div class=\"wp-block-group alignwide ext-is-logical-start has-global-padding is-content-justification-left is-layout-constrained wp-container-core-group-is-layout-6729bdbe wp-block-group-is-layout-constrained\">\n<h2 class=\"wp-block-heading ext-animate--on\">Discover Key Moments and Insights<\/h2>\n\n\n\n<p><strong>M\u00e4gnety<\/strong> is a member of the UK Magnetics Society.<\/p>\n\n\n\n<p class=\"has-text-align-left ext-animate--on\">Really happy to have attended this insightful event hosted by UK Magnetics Society chaired by Graeme Finch, moderated by Gareth Hatch, focusing on \ud83e\uddf2 magnetic materials, rare earth supply chains, and related technologies.<\/p>\n\n\n\n<p>It was great to hear perspectives from academia, industry, and intelligence experts, and to connect with professionals across the magnetics and materials community. Many thanks to organizers and all speakers for such a well-structured and thought-provoking event.<\/p>\n\n\n\n<p>Especially enjoyed the second day&#8217;s speaker panel discussion moderated by Benjamin Davies of REIA &#8211; The Global Rare Earth Industry Association, covering key topics including rare earth and magnet supply chains, recycling, regional manufacturing facilities, stockpiling strategies, evolving mechanism, and new definition.<\/p>\n\n\n\n<p>It was also glad to bring M\u00e4gnety&#8217;s innovative business model idea to the UK and exchange thoughts with the attendees during both the sessions and the conference dinner.<\/p>\n\n\n\n<p>The event covered a wide range of topics, including:<\/p>\n\n\n\n<p>\ud83d\udd37 Drug delivery using superconducting PM \u2013 Zhenyang Xu (King&#8217;s College London)<br>\ud83d\udd37 Prediction and modelling of magnetic nanoparticles \u2013 Hrkac Gino \uff08University of Exeter\uff09<br>\ud83d\udd37 Measurement procedures for magnetic properties in industrial environments \u2013 Peter Gebauer (Schaeffler)<br>\ud83d\udd37 Advances in magnetic material measurement and diagnostics \u2013 James McKenzie (Hirst Magnetic Instruments Ltd.)<br>\ud83d\udd37 New magnetic materials (TiMM4H) \u2013 @Theodoros Tsoulos (EPoS Technologies SA)<br>\ud83d\udd37 Recycled and bonded magnets \u2013 Karsten Rachut (Heraeus)<br>\ud83d\udd37 SmFeN as an alternative rare earth magnet material \u2013 @Thomas Schliesch (MAX BAERMANN GmbH)<br>\ud83d\udd37 Modelling magnet production chains to identify PCF reduction measures \u2013 Stephan Neuschaefer-Rube (Schaeffler)<br>\ud83d\udd37 Scaling up RE permanent magnet manufacturing with customized vacuum furnace \u2013 Giorgio Valsecchi (TAV VACUUM FURNACES)<br>\ud83d\udd37 Magnets and assemblies \u2013 @John Taylor (SG technologies Neo Magnequench\uff09<br>\ud83d\udd37 Simulation validation for magnet and system design \u2013 Ben Pine (Dassault Syst\u00e8mes)<br>\ud83d\udd37 Legal and policy challenges for rare earth supply chains \u2013 Jyoti Ahuja (University of Birmingham)<br>\ud83d\udd37 Critical minerals and criticality methodologies in the UK \u2013 Gavin Mudd (British Geological Survey)<br>\ud83d\udd37 Mine-to-metal strategy, critical mineral facilities and ASM acquisition \u2013 Debra Porter Bennethum (Energy Fuels Inc)<br>\ud83d\udd37 PM recycling in Germany and the EU \u2013 Carlo Burkhardt (Pforzheim University \/ HyProMag GmbH\/ REEsilience)<br>\ud83d\udd37 Next-generation spintronic and 3D devices examined via electron holography \u2013 Trevor Almeida (University of Glasgow)<br>\ud83d\udd37 3D-printed NbTi SRF cavities \u2013 Tugrul Talha Ersoz (University of Birmingham)<br>\ud83d\udd37 Additive manufacturing for magnetic shielding components \u2013 Richard Sheridan (University of Birmingham)<br>\ud83d\udd37 Additive manufacturing of magnetic materials \u2013 Alfred Fern\u00e1ndez Casta\u00f1\u00e9 (Aston University)<\/p>\n\n\n\n<p>Looking forward to staying connected &amp; continuing the conversations.<\/p>\n\n\n\n<p class=\"has-text-align-left ext-animate--on\">#rareearths #magnetics<\/p>\n\n\n\n<ul class=\"wp-block-social-links is-layout-flex wp-block-social-links-is-layout-flex\"><li class=\"wp-social-link wp-social-link-linkedin  wp-block-social-link\"><a href=\"https:\/\/www.linkedin.com\/posts\/yijun-wang-320531103_rareearths-magnetics-activity-7428122667783868416-_AHd?utm_source=share&#038;utm_medium=member_desktop&#038;rcm=ACoAABo9p4gBCED4kxuPd61ks2U-fPM1fiVgwxc\" class=\"wp-block-social-link-anchor\"><svg width=\"24\" height=\"24\" viewbox=\"0 0 24 24\" version=\"1.1\" xmlns=\"http:\/\/www.w3.org\/2000\/svg\" aria-hidden=\"true\" focusable=\"false\"><path d=\"M19.7,3H4.3C3.582,3,3,3.582,3,4.3v15.4C3,20.418,3.582,21,4.3,21h15.4c0.718,0,1.3-0.582,1.3-1.3V4.3 C21,3.582,20.418,3,19.7,3z M8.339,18.338H5.667v-8.59h2.672V18.338z M7.004,8.574c-0.857,0-1.549-0.694-1.549-1.548 c0-0.855,0.691-1.548,1.549-1.548c0.854,0,1.547,0.694,1.547,1.548C8.551,7.881,7.858,8.574,7.004,8.574z M18.339,18.338h-2.669 v-4.177c0-0.996-0.017-2.278-1.387-2.278c-1.389,0-1.601,1.086-1.601,2.206v4.249h-2.667v-8.59h2.559v1.174h0.037 c0.356-0.675,1.227-1.387,2.526-1.387c2.703,0,3.203,1.779,3.203,4.092V18.338z\"><\/path><\/svg><span class=\"wp-block-social-link-label screen-reader-text\">LinkedIn<\/span><\/a><\/li><\/ul>\n<\/div>\n<\/div>\n\n\n\n<figure class=\"wp-block-image size-large\"><img loading=\"lazy\" decoding=\"async\" width=\"1024\" height=\"771\" src=\"https:\/\/maegnety.com\/wp-content\/uploads\/2026\/03\/1770984488103-1024x771.jpg\" alt=\"\" class=\"wp-image-1164\" srcset=\"https:\/\/maegnety.com\/wp-content\/uploads\/2026\/03\/1770984488103-1024x771.jpg 1024w, https:\/\/maegnety.com\/wp-content\/uploads\/2026\/03\/1770984488103-300x226.jpg 300w, https:\/\/maegnety.com\/wp-content\/uploads\/2026\/03\/1770984488103-768x578.jpg 768w, https:\/\/maegnety.com\/wp-content\/uploads\/2026\/03\/1770984488103-1536x1157.jpg 1536w, https:\/\/maegnety.com\/wp-content\/uploads\/2026\/03\/1770984488103-16x12.jpg 16w, https:\/\/maegnety.com\/wp-content\/uploads\/2026\/03\/1770984488103.jpg 2040w\" sizes=\"auto, (max-width: 1024px) 100vw, 1024px\" \/><\/figure>\n\n\n\n<figure class=\"wp-block-image size-large\"><img loading=\"lazy\" decoding=\"async\" width=\"1024\" height=\"771\" src=\"https:\/\/maegnety.com\/wp-content\/uploads\/2026\/03\/1770984487925-1-1024x771.jpg\" alt=\"\" class=\"wp-image-1175\" srcset=\"https:\/\/maegnety.com\/wp-content\/uploads\/2026\/03\/1770984487925-1-1024x771.jpg 1024w, https:\/\/maegnety.com\/wp-content\/uploads\/2026\/03\/1770984487925-1-300x226.jpg 300w, https:\/\/maegnety.com\/wp-content\/uploads\/2026\/03\/1770984487925-1-768x578.jpg 768w, https:\/\/maegnety.com\/wp-content\/uploads\/2026\/03\/1770984487925-1-1536x1157.jpg 1536w, https:\/\/maegnety.com\/wp-content\/uploads\/2026\/03\/1770984487925-1-16x12.jpg 16w, https:\/\/maegnety.com\/wp-content\/uploads\/2026\/03\/1770984487925-1.jpg 2040w\" sizes=\"auto, (max-width: 1024px) 100vw, 1024px\" \/><\/figure>\n\n\n\n<figure class=\"wp-block-image size-large\"><img loading=\"lazy\" decoding=\"async\" width=\"1024\" height=\"871\" src=\"https:\/\/maegnety.com\/wp-content\/uploads\/2026\/03\/1770887457314-1024x871.jpg\" alt=\"\" class=\"wp-image-1169\" srcset=\"https:\/\/maegnety.com\/wp-content\/uploads\/2026\/03\/1770887457314-1024x871.jpg 1024w, https:\/\/maegnety.com\/wp-content\/uploads\/2026\/03\/1770887457314-300x255.jpg 300w, https:\/\/maegnety.com\/wp-content\/uploads\/2026\/03\/1770887457314-768x654.jpg 768w, https:\/\/maegnety.com\/wp-content\/uploads\/2026\/03\/1770887457314-1536x1307.jpg 1536w, https:\/\/maegnety.com\/wp-content\/uploads\/2026\/03\/1770887457314-14x12.jpg 14w, https:\/\/maegnety.com\/wp-content\/uploads\/2026\/03\/1770887457314.jpg 1805w\" sizes=\"auto, (max-width: 1024px) 100vw, 1024px\" \/><\/figure>\n\n\n\n<figure class=\"wp-block-image size-large\"><img loading=\"lazy\" decoding=\"async\" width=\"1024\" height=\"768\" src=\"https:\/\/maegnety.com\/wp-content\/uploads\/2026\/03\/1770907234744-1-1024x768.jpg\" alt=\"\" class=\"wp-image-1181\" srcset=\"https:\/\/maegnety.com\/wp-content\/uploads\/2026\/03\/1770907234744-1-1024x768.jpg 1024w, https:\/\/maegnety.com\/wp-content\/uploads\/2026\/03\/1770907234744-1-300x225.jpg 300w, https:\/\/maegnety.com\/wp-content\/uploads\/2026\/03\/1770907234744-1-768x576.jpg 768w, https:\/\/maegnety.com\/wp-content\/uploads\/2026\/03\/1770907234744-1-1536x1152.jpg 1536w, https:\/\/maegnety.com\/wp-content\/uploads\/2026\/03\/1770907234744-1-16x12.jpg 16w, https:\/\/maegnety.com\/wp-content\/uploads\/2026\/03\/1770907234744-1.jpg 2048w\" sizes=\"auto, (max-width: 1024px) 100vw, 1024px\" \/><\/figure>\n\n\n\n<div class=\"wp-block-group alignfull is-style-ext-preset--group--natural-1--section has-tertiary-background-color has-background has-global-padding is-layout-constrained wp-container-core-group-is-layout-18437aeb wp-block-group-is-layout-constrained\" style=\"margin-top:0;margin-bottom:0;padding-top:var(--wp--preset--spacing--70);padding-right:0;padding-bottom:var(--wp--preset--spacing--70);padding-left:0\">\n<div class=\"wp-block-group alignwide is-style-ext-preset--group--natural-1--item-card-1--align-start has-global-padding is-layout-constrained wp-block-group-is-layout-constrained is-style-ext-preset--group--natural-1--item-card-1--align-start--6\">\n<div class=\"wp-block-cover alignwide is-style-ext-preset--cover--natural-1--cover-overlay-1 is-style-ext-preset--cover--natural-1--cover-overlay-1--7\" style=\"padding-top:var(--wp--preset--spacing--50);padding-right:var(--wp--preset--spacing--30);padding-bottom:var(--wp--preset--spacing--50);padding-left:var(--wp--preset--spacing--30)\"><img loading=\"lazy\" decoding=\"async\" width=\"1440\" height=\"960\" class=\"wp-block-cover__image-background wp-image-834\" alt=\"\" src=\"https:\/\/maegnety.com\/wp-content\/uploads\/2026\/03\/4767e1e364d350fb8b8061645537913c1119c0a5.jpg\" data-object-fit=\"cover\"\/><span aria-hidden=\"true\" class=\"wp-block-cover__background has-background-dim-80 has-background-dim\" style=\"background-color:#010101\"><\/span><div class=\"wp-block-cover__inner-container has-global-padding is-layout-constrained wp-container-core-cover-is-layout-1c074333 wp-block-cover-is-layout-constrained\">\n<div class=\"wp-block-group alignwide has-global-padding is-layout-constrained wp-container-core-group-is-layout-f3b35183 wp-block-group-is-layout-constrained\" style=\"padding-top:0;padding-right:0;padding-bottom:0;padding-left:0\">\n<h2 class=\"wp-block-heading has-text-align-center ext-animate--on has-x-large-font-size\" style=\"margin-bottom:24px\">Join the Leading Magnetic Innovations Now<\/h2>\n\n\n\n<p class=\"has-text-align-center ext-animate--on\" style=\"font-size:clamp(14px, 0.875rem + ((1vw - 3.2px) * 0.417), 18px);\">Discover upcoming events and gain insights into cutting-edge magnetic materials. Stay connected with M\u00e4gnety by registering for updates and exclusive event access.<\/p>\n\n\n\n<div class=\"wp-block-buttons ext-animate--on is-content-justification-center is-layout-flex wp-container-core-buttons-is-layout-a89b3969 wp-block-buttons-is-layout-flex\">\n<div class=\"wp-block-button is-style-ext-preset--button--natural-1--button-1 is-style-ext-preset--button--natural-1--button-1--8\"><a class=\"wp-block-button__link wp-element-button\" href=\"https:\/\/maegnety.com\/wp-admin\/post.php?post=472&amp;action=edit\" target=\"_blank\" rel=\"noreferrer noopener\">Let us know your networking interests<\/a><\/div>\n<\/div>\n<\/div>\n<\/div><\/div>\n<\/div>\n<\/div>","protected":false},"excerpt":{"rendered":"<p>Magnetic Horizon : 2026.02.10-2026.02.12 Birmingham Discover Key Moments and Insights M\u00e4gnety is a member of the UK Magnetics Society. Really happy to have attended this insightful event hosted by UK Magnetics Society chaired by Graeme Finch, moderated by Gareth Hatch, focusing on \ud83e\uddf2 magnetic materials, rare earth supply chains, and related technologies. It was great [&hellip;]<\/p>\n","protected":false},"author":1,"featured_media":0,"parent":0,"menu_order":0,"comment_status":"closed","ping_status":"closed","template":"page-with-title","meta":{"footnotes":""},"class_list":["post-790","page","type-page","status-publish","hentry"],"_links":{"self":[{"href":"https:\/\/maegnety.com\/zh\/wp-json\/wp\/v2\/pages\/790","targetHints":{"allow":["GET"]}}],"collection":[{"href":"https:\/\/maegnety.com\/zh\/wp-json\/wp\/v2\/pages"}],"about":[{"href":"https:\/\/maegnety.com\/zh\/wp-json\/wp\/v2\/types\/page"}],"author":[{"embeddable":true,"href":"https:\/\/maegnety.com\/zh\/wp-json\/wp\/v2\/users\/1"}],"replies":[{"embeddable":true,"href":"https:\/\/maegnety.com\/zh\/wp-json\/wp\/v2\/comments?post=790"}],"version-history":[{"count":75,"href":"https:\/\/maegnety.com\/zh\/wp-json\/wp\/v2\/pages\/790\/revisions"}],"predecessor-version":[{"id":1307,"href":"https:\/\/maegnety.com\/zh\/wp-json\/wp\/v2\/pages\/790\/revisions\/1307"}],"wp:attachment":[{"href":"https:\/\/maegnety.com\/zh\/wp-json\/wp\/v2\/media?parent=790"}],"curies":[{"name":"wp","href":"https:\/\/api.w.org\/{rel}","templated":true}]}}